{"id":2790,"date":"2023-08-08T11:14:37","date_gmt":"2023-08-08T11:14:37","guid":{"rendered":"https:\/\/aspublicitari.com\/senaletica\/"},"modified":"2023-09-27T07:38:17","modified_gmt":"2023-09-27T07:38:17","slug":"senaletica","status":"publish","type":"page","link":"https:\/\/aspublicitari.com\/es\/senaletica\/","title":{"rendered":"Se\u00f1al\u00e9tica"},"content":{"rendered":"\t\t<div data-elementor-type=\"wp-page\" data-elementor-id=\"2790\" class=\"elementor elementor-2790 elementor-1808\" data-elementor-post-type=\"page\">\n\t\t\t\t<div class=\"elementor-element elementor-element-63add94 e-flex e-con-boxed e-con e-parent\" data-id=\"63add94\" data-element_type=\"container\" data-e-type=\"container\" data-settings=\"{&quot;shape_divider_bottom&quot;:&quot;waves&quot;}\">\n\t\t\t\t\t<div class=\"e-con-inner\">\n\t\t\t\t<div class=\"elementor-shape elementor-shape-bottom\" aria-hidden=\"true\" data-negative=\"false\">\n\t\t\t<svg xmlns=\"http:\/\/www.w3.org\/2000\/svg\" viewBox=\"0 0 1000 100\" preserveAspectRatio=\"none\">\n\t<path class=\"elementor-shape-fill\" d=\"M421.9,6.5c22.6-2.5,51.5,0.4,75.5,5.3c23.6,4.9,70.9,23.5,100.5,35.7c75.8,32.2,133.7,44.5,192.6,49.7\n\tc23.6,2.1,48.7,3.5,103.4-2.5c54.7-6,106.2-25.6,106.2-25.6V0H0v30.3c0,0,72,32.6,158.4,30.5c39.2-0.7,92.8-6.7,134-22.4\n\tc21.2-8.1,52.2-18.2,79.7-24.2C399.3,7.9,411.6,7.5,421.9,6.5z\"\/>\n<\/svg>\t\t<\/div>\n\t\t\t\t\t<\/div>\n\t\t\t\t<\/div>\n\t\t\t\t<div class=\"unlimited-elements-background-overlay\" data-forid=\"63add94\" data-location=\"back\" style=\"display:none\">\n\t\t\t<template>\n\t\t\t\n<!-- start Animated Gradient Background -->\n<style>\/* widget: Animated Gradient Background *\/\n\n#uc_gradient_animation_bg_addon12807 {\n\tbackground: linear-gradient(-45deg, #E5077EC7, #009EDFBD, #FEED00C4, #23D5ABD6);\n\tbackground-size: 400% 400%;\n\tanimation: uc_gradient_animation_bg_addon12807gradient 15s ease infinite;\n\tposition:absolute;\n\ttop:0px;\n\tleft:0px;\n\tbottom:0px;\n\tright:0px;\n}\n\n@keyframes uc_gradient_animation_bg_addon12807gradient {\n\t0% {\n\t\tbackground-position: 0% 50%;\n\t}\n\t50% {\n\t\tbackground-position: 100% 50%;\n\t}\n\t100% {\n\t\tbackground-position: 0% 50%;\n\t}\n}\n\n<\/style>\n\n<div id=\"uc_gradient_animation_bg_addon12807\">\n<\/div>\n<script type=\"text\/javascript\"  id=\"ue_script_gradient_animation\">\n\n\/* Animated Gradient Background scripts: *\/ \n\n\n<\/script>\n<!-- end Animated Gradient Background -->\t\t\t<\/template>\n\t\t<\/div>\n\t\t\n\t\t<div class=\"elementor-element elementor-element-4790582 e-con-full e-flex e-con e-parent\" data-id=\"4790582\" data-element_type=\"container\" data-e-type=\"container\">\n\t\t<div class=\"elementor-element elementor-element-4f34c4b e-con-full e-flex e-con e-parent\" data-id=\"4f34c4b\" data-element_type=\"container\" data-e-type=\"container\">\n\t\t\t\t<div class=\"elementor-element elementor-element-0d5c541 elementor-widget elementor-widget-heading\" data-id=\"0d5c541\" data-element_type=\"widget\" data-e-type=\"widget\" data-widget_type=\"heading.default\">\n\t\t\t\t<div class=\"elementor-widget-container\">\n\t\t\t\t\t<h2 class=\"elementor-heading-title elementor-size-default\">Se\u00f1al\u00e9tica<\/h2>\t\t\t\t<\/div>\n\t\t\t\t<\/div>\n\t\t\t\t<\/div>\n\t\t<div class=\"elementor-element elementor-element-bab3919 e-con-full e-flex e-con e-parent\" data-id=\"bab3919\" data-element_type=\"container\" data-e-type=\"container\">\n\t\t\t\t<div class=\"elementor-element elementor-element-e696746 elementor-widget elementor-widget-text-editor\" data-id=\"e696746\" data-element_type=\"widget\" data-e-type=\"widget\" data-widget_type=\"text-editor.default\">\n\t\t\t\t<div class=\"elementor-widget-container\">\n\t\t\t\t\t\t\t\t\t<p>Dirige la atenci\u00f3n con claridad y estilo. Nuestro servicio de impresi\u00f3n se\u00f1al\u00e9tica ofrece soluciones visuales que gu\u00edan, informan y resaltan.<\/p>\n<p>Desde r\u00f3tulos direccionales hasta se\u00f1ales informativas, creamos se\u00f1al\u00e9tica que comunica con eficacia, mejorando la experiencia de tu p\u00fablico. Conf\u00eda en nosotros para una se\u00f1alizaci\u00f3n que destaque y oriente.<\/p>\n\t\t\t\t\t\t\t\t<\/div>\n\t\t\t\t<\/div>\n\t\t\t\t<\/div>\n\t\t\t\t<\/div>\n\t\t<div class=\"elementor-element elementor-element-c63f823 e-flex e-con-boxed e-con e-parent\" data-id=\"c63f823\" data-element_type=\"container\" data-e-type=\"container\">\n\t\t\t\t\t<div class=\"e-con-inner\">\n\t\t<div class=\"elementor-element elementor-element-7b028ec e-con-full e-flex e-con e-parent\" data-id=\"7b028ec\" data-element_type=\"container\" data-e-type=\"container\" data-settings=\"{&quot;background_background&quot;:&quot;classic&quot;}\">\n\t\t\t\t<div class=\"elementor-element elementor-element-f08b734 e-n-tabs-mobile elementor-widget elementor-widget-n-tabs\" data-id=\"f08b734\" data-element_type=\"widget\" data-e-type=\"widget\" data-widget_type=\"nested-tabs.default\">\n\t\t\t\t<div class=\"elementor-widget-container\">\n\t\t\t\t\t\t\t<div class=\"e-n-tabs\" data-widget-number=\"252229428\" aria-label=\"Pesta\u00f1as. Abre elementos con Intro o Espacio, ci\u00e9rralos con Escape y navega con las fechas.\">\n\t\t\t<div class=\"e-n-tabs-heading\" role=\"tablist\">\n\t\t\t\t\t<button id=\"e-n-tab-title-2522294281\" data-tab-title-id=\"e-n-tab-title-2522294281\" class=\"e-n-tab-title\" aria-selected=\"true\" data-tab-index=\"1\" role=\"tab\" tabindex=\"0\" aria-controls=\"e-n-tab-content-2522294281\" style=\"--n-tabs-title-order: 1;\">\n\t\t\t\t\t\t<span class=\"e-n-tab-title-text\">\n\t\t\t\tImanes\t\t\t<\/span>\n\t\t<\/button>\n\t\t\t\t<button id=\"e-n-tab-title-2522294282\" data-tab-title-id=\"e-n-tab-title-2522294282\" class=\"e-n-tab-title\" aria-selected=\"false\" data-tab-index=\"2\" role=\"tab\" tabindex=\"-1\" aria-controls=\"e-n-tab-content-2522294282\" style=\"--n-tabs-title-order: 2;\">\n\t\t\t\t\t\t<span class=\"e-n-tab-title-text\">\n\t\t\t\tMamparas\t\t\t<\/span>\n\t\t<\/button>\n\t\t\t\t<button id=\"e-n-tab-title-2522294283\" data-tab-title-id=\"e-n-tab-title-2522294283\" class=\"e-n-tab-title\" aria-selected=\"false\" data-tab-index=\"3\" role=\"tab\" tabindex=\"-1\" aria-controls=\"e-n-tab-content-2522294283\" style=\"--n-tabs-title-order: 3;\">\n\t\t\t\t\t\t<span class=\"e-n-tab-title-text\">\n\t\t\t\tSe\u00f1al\u00e9tica interior\t\t\t<\/span>\n\t\t<\/button>\n\t\t\t\t<button id=\"e-n-tab-title-2522294284\" data-tab-title-id=\"e-n-tab-title-2522294284\" class=\"e-n-tab-title\" aria-selected=\"false\" data-tab-index=\"4\" role=\"tab\" tabindex=\"-1\" aria-controls=\"e-n-tab-content-2522294284\" style=\"--n-tabs-title-order: 4;\">\n\t\t\t\t\t\t<span class=\"e-n-tab-title-text\">\n\t\t\t\tSe\u00f1alizaci\u00f3n vial\t\t\t<\/span>\n\t\t<\/button>\n\t\t\t\t<button id=\"e-n-tab-title-2522294285\" data-tab-title-id=\"e-n-tab-title-2522294285\" class=\"e-n-tab-title\" aria-selected=\"false\" data-tab-index=\"5\" role=\"tab\" tabindex=\"-1\" aria-controls=\"e-n-tab-content-2522294285\" style=\"--n-tabs-title-order: 5;\">\n\t\t\t\t\t\t<span class=\"e-n-tab-title-text\">\n\t\t\t\tSe\u00f1alizaci\u00f3n taller\t\t\t<\/span>\n\t\t<\/button>\n\t\t\t\t<button id=\"e-n-tab-title-2522294286\" data-tab-title-id=\"e-n-tab-title-2522294286\" class=\"e-n-tab-title\" aria-selected=\"false\" data-tab-index=\"6\" role=\"tab\" tabindex=\"-1\" aria-controls=\"e-n-tab-content-2522294286\" style=\"--n-tabs-title-order: 6;\">\n\t\t\t\t\t\t<span class=\"e-n-tab-title-text\">\n\t\t\t\tVinilos interiores\t\t\t<\/span>\n\t\t<\/button>\n\t\t\t\t\t<\/div>\n\t\t\t<div class=\"e-n-tabs-content\">\n\t\t\t\t<div id=\"e-n-tab-content-2522294281\" role=\"tabpanel\" aria-labelledby=\"e-n-tab-title-2522294281\" data-tab-index=\"1\" style=\"--n-tabs-title-order: 1;\" class=\"e-active elementor-element elementor-element-80aee1d e-con-full e-flex e-con e-parent\" data-id=\"80aee1d\" data-element_type=\"container\" data-e-type=\"container\" data-settings=\"{&quot;background_background&quot;:&quot;classic&quot;}\">\n\t\t\t\t<\/div>\n\t\t<div id=\"e-n-tab-content-2522294282\" role=\"tabpanel\" aria-labelledby=\"e-n-tab-title-2522294282\" data-tab-index=\"2\" style=\"--n-tabs-title-order: 2;\" class=\" elementor-element elementor-element-47d0420 e-con-full e-flex e-con e-parent\" data-id=\"47d0420\" data-element_type=\"container\" data-e-type=\"container\" data-settings=\"{&quot;background_background&quot;:&quot;classic&quot;}\">\n\t\t\t\t<\/div>\n\t\t<div id=\"e-n-tab-content-2522294283\" role=\"tabpanel\" aria-labelledby=\"e-n-tab-title-2522294283\" data-tab-index=\"3\" style=\"--n-tabs-title-order: 3;\" class=\" elementor-element elementor-element-d9c10c4 e-con-full e-flex e-con e-parent\" data-id=\"d9c10c4\" data-element_type=\"container\" data-e-type=\"container\" data-settings=\"{&quot;background_background&quot;:&quot;classic&quot;}\">\n\t\t\t\t<\/div>\n\t\t<div id=\"e-n-tab-content-2522294284\" role=\"tabpanel\" aria-labelledby=\"e-n-tab-title-2522294284\" data-tab-index=\"4\" style=\"--n-tabs-title-order: 4;\" class=\" elementor-element elementor-element-19342e1 e-con-full e-flex e-con e-parent\" data-id=\"19342e1\" data-element_type=\"container\" data-e-type=\"container\" data-settings=\"{&quot;background_background&quot;:&quot;classic&quot;}\">\n\t\t\t\t<\/div>\n\t\t<div id=\"e-n-tab-content-2522294285\" role=\"tabpanel\" aria-labelledby=\"e-n-tab-title-2522294285\" data-tab-index=\"5\" style=\"--n-tabs-title-order: 5;\" class=\" elementor-element elementor-element-80b69e7 e-con-full e-flex e-con e-parent\" data-id=\"80b69e7\" data-element_type=\"container\" data-e-type=\"container\" data-settings=\"{&quot;background_background&quot;:&quot;classic&quot;}\">\n\t\t\t\t<\/div>\n\t\t<div id=\"e-n-tab-content-2522294286\" role=\"tabpanel\" aria-labelledby=\"e-n-tab-title-2522294286\" data-tab-index=\"6\" style=\"--n-tabs-title-order: 6;\" class=\" elementor-element elementor-element-8bf1310 e-con-full e-flex e-con e-parent\" data-id=\"8bf1310\" data-element_type=\"container\" data-e-type=\"container\" data-settings=\"{&quot;background_background&quot;:&quot;classic&quot;}\">\n\t\t\t\t<\/div>\n\t\t\t\t\t<\/div>\n\t\t<\/div>\n\t\t\t\t\t\t<\/div>\n\t\t\t\t<\/div>\n\t\t\t\t<\/div>\n\t\t\t\t\t<\/div>\n\t\t\t\t<\/div>\n\t\t\t\t<\/div>\n\t\t","protected":false},"excerpt":{"rendered":"<p>Se\u00f1al\u00e9tica Dirige la atenci\u00f3n con claridad y estilo. Nuestro servicio de impresi\u00f3n se\u00f1al\u00e9tica ofrece soluciones visuales que gu\u00edan, informan y resaltan. Desde r\u00f3tulos direccionales hasta se\u00f1ales informativas, creamos se\u00f1al\u00e9tica que comunica con eficacia, mejorando la experiencia de tu p\u00fablico. Conf\u00eda en nosotros para una se\u00f1alizaci\u00f3n que destaque y oriente. Imanes Mamparas Se\u00f1al\u00e9tica interior Se\u00f1alizaci\u00f3n vial [&hellip;]<\/p>\n","protected":false},"author":2,"featured_media":0,"parent":0,"menu_order":0,"comment_status":"closed","ping_status":"closed","template":"","meta":{"_acf_changed":false,"footnotes":""},"class_list":["post-2790","page","type-page","status-publish","hentry"],"acf":[],"_links":{"self":[{"href":"https:\/\/aspublicitari.com\/es\/wp-json\/wp\/v2\/pages\/2790"}],"collection":[{"href":"https:\/\/aspublicitari.com\/es\/wp-json\/wp\/v2\/pages"}],"about":[{"href":"https:\/\/aspublicitari.com\/es\/wp-json\/wp\/v2\/types\/page"}],"author":[{"embeddable":true,"href":"https:\/\/aspublicitari.com\/es\/wp-json\/wp\/v2\/users\/2"}],"replies":[{"embeddable":true,"href":"https:\/\/aspublicitari.com\/es\/wp-json\/wp\/v2\/comments?post=2790"}],"version-history":[{"count":1,"href":"https:\/\/aspublicitari.com\/es\/wp-json\/wp\/v2\/pages\/2790\/revisions"}],"predecessor-version":[{"id":2792,"href":"https:\/\/aspublicitari.com\/es\/wp-json\/wp\/v2\/pages\/2790\/revisions\/2792"}],"wp:attachment":[{"href":"https:\/\/aspublicitari.com\/es\/wp-json\/wp\/v2\/media?parent=2790"}],"curies":[{"name":"wp","href":"https:\/\/api.w.org\/{rel}","templated":true}]}}