{"id":2699,"date":"2023-08-09T06:23:48","date_gmt":"2023-08-09T06:23:48","guid":{"rendered":"https:\/\/aspublicitari.com\/reclamo-publicitario\/"},"modified":"2023-09-27T07:29:38","modified_gmt":"2023-09-27T07:29:38","slug":"reclamo-publicitario","status":"publish","type":"page","link":"https:\/\/aspublicitari.com\/es\/reclamo-publicitario\/","title":{"rendered":"Reclamo publicitario"},"content":{"rendered":"\t\t<div data-elementor-type=\"wp-page\" data-elementor-id=\"2699\" class=\"elementor elementor-2699 elementor-2066\" data-elementor-post-type=\"page\">\n\t\t\t\t<div class=\"elementor-element elementor-element-63add94 e-flex e-con-boxed e-con e-parent\" data-id=\"63add94\" data-element_type=\"container\" data-e-type=\"container\" data-settings=\"{&quot;shape_divider_bottom&quot;:&quot;waves&quot;}\">\n\t\t\t\t\t<div class=\"e-con-inner\">\n\t\t\t\t<div class=\"elementor-shape elementor-shape-bottom\" aria-hidden=\"true\" data-negative=\"false\">\n\t\t\t<svg xmlns=\"http:\/\/www.w3.org\/2000\/svg\" viewBox=\"0 0 1000 100\" preserveAspectRatio=\"none\">\n\t<path class=\"elementor-shape-fill\" d=\"M421.9,6.5c22.6-2.5,51.5,0.4,75.5,5.3c23.6,4.9,70.9,23.5,100.5,35.7c75.8,32.2,133.7,44.5,192.6,49.7\n\tc23.6,2.1,48.7,3.5,103.4-2.5c54.7-6,106.2-25.6,106.2-25.6V0H0v30.3c0,0,72,32.6,158.4,30.5c39.2-0.7,92.8-6.7,134-22.4\n\tc21.2-8.1,52.2-18.2,79.7-24.2C399.3,7.9,411.6,7.5,421.9,6.5z\"\/>\n<\/svg>\t\t<\/div>\n\t\t\t\t\t<\/div>\n\t\t\t\t<\/div>\n\t\t\t\t<div class=\"unlimited-elements-background-overlay\" data-forid=\"63add94\" data-location=\"back\" style=\"display:none\">\n\t\t\t<template>\n\t\t\t\n<!-- start Animated Gradient Background -->\n<style>\/* widget: Animated Gradient Background *\/\n\n#uc_gradient_animation_bg_addon19900 {\n\tbackground: linear-gradient(-45deg, #E5077EC7, #009EDFBD, #FEED00C4, #23D5ABD6);\n\tbackground-size: 400% 400%;\n\tanimation: uc_gradient_animation_bg_addon19900gradient 15s ease infinite;\n\tposition:absolute;\n\ttop:0px;\n\tleft:0px;\n\tbottom:0px;\n\tright:0px;\n}\n\n@keyframes uc_gradient_animation_bg_addon19900gradient {\n\t0% {\n\t\tbackground-position: 0% 50%;\n\t}\n\t50% {\n\t\tbackground-position: 100% 50%;\n\t}\n\t100% {\n\t\tbackground-position: 0% 50%;\n\t}\n}\n\n<\/style>\n\n<div id=\"uc_gradient_animation_bg_addon19900\">\n<\/div>\n<script type=\"text\/javascript\"  id=\"ue_script_gradient_animation\">\n\n\/* Animated Gradient Background scripts: *\/ \n\n\n<\/script>\n<!-- end Animated Gradient Background -->\t\t\t<\/template>\n\t\t<\/div>\n\t\t\n\t\t<div class=\"elementor-element elementor-element-72f5938 e-con-full e-flex e-con e-parent\" data-id=\"72f5938\" data-element_type=\"container\" data-e-type=\"container\">\n\t\t<div class=\"elementor-element elementor-element-643aa50 e-con-full e-flex e-con e-parent\" data-id=\"643aa50\" data-element_type=\"container\" data-e-type=\"container\">\n\t\t\t\t<div class=\"elementor-element elementor-element-0d5c541 elementor-widget elementor-widget-heading\" data-id=\"0d5c541\" data-element_type=\"widget\" data-e-type=\"widget\" data-widget_type=\"heading.default\">\n\t\t\t\t<div class=\"elementor-widget-container\">\n\t\t\t\t\t<h2 class=\"elementor-heading-title elementor-size-default\">Reclamo publicitario<\/h2>\t\t\t\t<\/div>\n\t\t\t\t<\/div>\n\t\t<div class=\"elementor-element elementor-element-20f1a93 e-con-full e-flex e-con e-parent\" data-id=\"20f1a93\" data-element_type=\"container\" data-e-type=\"container\">\n\t\t\t\t<div class=\"elementor-element elementor-element-1001688 elementor-widget elementor-widget-text-editor\" data-id=\"1001688\" data-element_type=\"widget\" data-e-type=\"widget\" data-widget_type=\"text-editor.default\">\n\t\t\t\t<div class=\"elementor-widget-container\">\n\t\t\t\t\t\t\t\t\t<p>\u00bfTe interesa? \u00a1Contacta con nosotros!<\/p>\n\t\t\t\t\t\t\t\t<\/div>\n\t\t\t\t<\/div>\n\t\t\t\t<div class=\"elementor-element elementor-element-0ad9ee8 e-transform elementor-widget elementor-widget-button\" data-id=\"0ad9ee8\" data-element_type=\"widget\" data-e-type=\"widget\" data-settings=\"{&quot;_transform_rotateZ_effect_hover&quot;:{&quot;unit&quot;:&quot;px&quot;,&quot;size&quot;:-2,&quot;sizes&quot;:[]},&quot;_transform_rotateZ_effect_hover_widescreen&quot;:{&quot;unit&quot;:&quot;deg&quot;,&quot;size&quot;:&quot;&quot;,&quot;sizes&quot;:[]},&quot;_transform_rotateZ_effect_hover_tablet&quot;:{&quot;unit&quot;:&quot;deg&quot;,&quot;size&quot;:&quot;&quot;,&quot;sizes&quot;:[]},&quot;_transform_rotateZ_effect_hover_mobile&quot;:{&quot;unit&quot;:&quot;deg&quot;,&quot;size&quot;:&quot;&quot;,&quot;sizes&quot;:[]}}\" data-widget_type=\"button.default\">\n\t\t\t\t<div class=\"elementor-widget-container\">\n\t\t\t\t\t\t\t\t\t<div class=\"elementor-button-wrapper\">\n\t\t\t\t\t<a class=\"elementor-button elementor-button-link elementor-size-sm\" href=\"https:\/\/aspublicitari.com\/es\/contacto\/\">\n\t\t\t\t\t\t<span class=\"elementor-button-content-wrapper\">\n\t\t\t\t\t\t\t\t\t<span class=\"elementor-button-text\">Contacto<\/span>\n\t\t\t\t\t<\/span>\n\t\t\t\t\t<\/a>\n\t\t\t\t<\/div>\n\t\t\t\t\t\t\t\t<\/div>\n\t\t\t\t<\/div>\n\t\t\t\t<\/div>\n\t\t\t\t<\/div>\n\t\t<div class=\"elementor-element elementor-element-d178cfe e-flex e-con-boxed e-con e-parent\" data-id=\"d178cfe\" data-element_type=\"container\" data-e-type=\"container\">\n\t\t\t\t\t<div class=\"e-con-inner\">\n\t\t\t\t<div class=\"elementor-element elementor-element-e696746 elementor-widget elementor-widget-text-editor\" data-id=\"e696746\" data-element_type=\"widget\" data-e-type=\"widget\" data-widget_type=\"text-editor.default\">\n\t\t\t\t<div class=\"elementor-widget-container\">\n\t\t\t\t\t\t\t\t\t<p>Destacamos tu marca con productos \u00fanicos. Ofrecemos personalizaci\u00f3n de reclamo publicitario como bol\u00edgrafos, botellas, tazas y m\u00e1s.<\/p>\n<p>Capta la atenci\u00f3n de tu p\u00fablico con art\u00edculos que traen tu logo. Deja que tu marca brille en cada detalle, creando conexiones significativas y duraderas con tus clientes.<\/p>\n\t\t\t\t\t\t\t\t<\/div>\n\t\t\t\t<\/div>\n\t\t\t\t<div class=\"elementor-element elementor-element-3b032b5 elementor-widget elementor-widget-n-accordion\" data-id=\"3b032b5\" data-element_type=\"widget\" data-e-type=\"widget\" data-settings=\"{&quot;default_state&quot;:&quot;all_collapsed&quot;,&quot;n_accordion_animation_duration&quot;:{&quot;unit&quot;:&quot;ms&quot;,&quot;size&quot;:300,&quot;sizes&quot;:[]},&quot;max_items_expended&quot;:&quot;one&quot;}\" data-widget_type=\"nested-accordion.default\">\n\t\t\t\t<div class=\"elementor-widget-container\">\n\t\t\t\t\t\t\t<div class=\"e-n-accordion\" aria-label=\"Accordion. Open links with Enter or Space, close with Escape, and navigate with Arrow Keys\">\n\t\t\t\t\t\t<details id=\"e-n-accordion-item-6180\" class=\"e-n-accordion-item\" >\n\t\t\t\t<summary class=\"e-n-accordion-item-title\" data-accordion-index=\"1\" tabindex=\"0\" aria-expanded=\"false\" aria-controls=\"e-n-accordion-item-6180\" >\n\t\t\t\t\t<span class='e-n-accordion-item-title-header'><div class=\"e-n-accordion-item-title-text\"> Consulta productos <\/div><\/span>\n\t\t\t\t\t\t\t\t\t<\/summary>\n\t\t\t\t<div role=\"region\" aria-labelledby=\"e-n-accordion-item-6180\" class=\"elementor-element elementor-element-8e6aa2d e-con-full e-flex e-con e-parent\" data-id=\"8e6aa2d\" data-element_type=\"container\" data-e-type=\"container\">\n\t\t<div role=\"region\" aria-labelledby=\"e-n-accordion-item-6180\" class=\"elementor-element elementor-element-d879585 e-con-full e-flex e-con e-parent\" data-id=\"d879585\" data-element_type=\"container\" data-e-type=\"container\">\n\t\t\t\t<div class=\"elementor-element elementor-element-1bb67ae elementor-widget elementor-widget-text-editor\" data-id=\"1bb67ae\" data-element_type=\"widget\" data-e-type=\"widget\" data-widget_type=\"text-editor.default\">\n\t\t\t\t<div class=\"elementor-widget-container\">\n\t\t\t\t\t\t\t\t\t<p>Calendarios<\/p>\n<p>Agendas<\/p>\n<p>Bol\u00edgrafos<\/p>\n<p>Mecheros<\/p>\n<p>Llaveros<\/p>\n<p>Altavoces<\/p>\n<p>Mochilas<\/p>\n<p>Tazas<\/p>\n<p>Pulseras<\/p>\n\t\t\t\t\t\t\t\t<\/div>\n\t\t\t\t<\/div>\n\t\t\t\t<\/div>\n\t\t<div role=\"region\" aria-labelledby=\"e-n-accordion-item-6180\" class=\"elementor-element elementor-element-6f821a2 e-con-full e-flex e-con e-parent\" data-id=\"6f821a2\" data-element_type=\"container\" data-e-type=\"container\">\n\t\t\t\t<div class=\"elementor-element elementor-element-096dfff elementor-widget elementor-widget-text-editor\" data-id=\"096dfff\" data-element_type=\"widget\" data-e-type=\"widget\" data-widget_type=\"text-editor.default\">\n\t\t\t\t<div class=\"elementor-widget-container\">\n\t\t\t\t\t\t\t\t\t<p>Carros de compra<\/p>\n<p>Mem\u00f3rias USB<\/p>\n<p>Toallas<\/p>\n<p>Gorras<span class=\"Apple-converted-space\"> <\/span><\/p>\n<p>Sombreros<\/p>\n<p>Vanos<span class=\"Apple-converted-space\"> <\/span><\/p>\n<p>Palas<\/p>\n<p>Pilotas<\/p>\n<p>Ceniceros de playa<\/p>\n\t\t\t\t\t\t\t\t<\/div>\n\t\t\t\t<\/div>\n\t\t\t\t<\/div>\n\t\t<div role=\"region\" aria-labelledby=\"e-n-accordion-item-6180\" class=\"elementor-element elementor-element-286eea4 e-con-full e-flex e-con e-parent\" data-id=\"286eea4\" data-element_type=\"container\" data-e-type=\"container\">\n\t\t\t\t<div class=\"elementor-element elementor-element-93a2198 elementor-widget elementor-widget-text-editor\" data-id=\"93a2198\" data-element_type=\"widget\" data-e-type=\"widget\" data-widget_type=\"text-editor.default\">\n\t\t\t\t<div class=\"elementor-widget-container\">\n\t\t\t\t\t\t\t\t\t<p>Sombrillas<\/p>\n<p>Sombrillas coche<\/p>\n<p>Botellas<\/p>\n<p>Gafas de sol<\/p>\n<p>Vasos<\/p>\n<p>Bolsas<\/p>\n<p>Buffs<\/p>\n<p>Gorros<\/p>\n<p>Bufandas<\/p>\n\t\t\t\t\t\t\t\t<\/div>\n\t\t\t\t<\/div>\n\t\t\t\t<\/div>\n\t\t<div role=\"region\" aria-labelledby=\"e-n-accordion-item-6180\" class=\"elementor-element elementor-element-3557e81 e-con-full e-flex e-con e-parent\" data-id=\"3557e81\" data-element_type=\"container\" data-e-type=\"container\">\n\t\t\t\t<div class=\"elementor-element elementor-element-4d37797 elementor-widget elementor-widget-text-editor\" data-id=\"4d37797\" data-element_type=\"widget\" data-e-type=\"widget\" data-widget_type=\"text-editor.default\">\n\t\t\t\t<div class=\"elementor-widget-container\">\n\t\t\t\t\t\t\t\t\t<p>Guantes<\/p>\n<p>Impermeables<\/p>\n<p>Paraguas<\/p>\n<p>Linternas<\/p>\n<p>Termos<\/p>\n<p>Navajas<\/p>\n<p>Bloques de notas<\/p>\n<p>Mantas<\/p>\n<p>Despertadores<\/p>\n\t\t\t\t\t\t\t\t<\/div>\n\t\t\t\t<\/div>\n\t\t\t\t<\/div>\n\t\t\t\t<\/div>\n\t\t\t\t\t<\/details>\n\t\t\t\t\t<\/div>\n\t\t\t\t\t\t<\/div>\n\t\t\t\t<\/div>\n\t\t\t\t\t<\/div>\n\t\t\t\t<\/div>\n\t\t\t\t<\/div>\n\t\t<div class=\"elementor-element elementor-element-99369e7 e-con-full e-flex e-con e-parent\" data-id=\"99369e7\" data-element_type=\"container\" data-e-type=\"container\">\n\t\t\t\t<div class=\"elementor-element elementor-element-52ffaea elementor-arrows-position-inside elementor-widget elementor-widget-image-carousel\" data-id=\"52ffaea\" data-element_type=\"widget\" data-e-type=\"widget\" data-settings=\"{&quot;slides_to_show&quot;:&quot;5&quot;,&quot;slides_to_show_tablet&quot;:&quot;3&quot;,&quot;slides_to_show_mobile&quot;:&quot;2&quot;,&quot;slides_to_scroll&quot;:&quot;1&quot;,&quot;navigation&quot;:&quot;arrows&quot;,&quot;pause_on_hover&quot;:&quot;no&quot;,&quot;pause_on_interaction&quot;:&quot;no&quot;,&quot;autoplay_speed&quot;:1000,&quot;speed&quot;:1000,&quot;autoplay&quot;:&quot;yes&quot;,&quot;infinite&quot;:&quot;yes&quot;}\" data-widget_type=\"image-carousel.default\">\n\t\t\t\t<div class=\"elementor-widget-container\">\n\t\t\t\t\t\t\t<div class=\"elementor-image-carousel-wrapper swiper\" role=\"region\" aria-roledescription=\"carousel\" aria-label=\"Carrusel de im\u00e1genes\" dir=\"ltr\">\n\t\t\t<div class=\"elementor-image-carousel swiper-wrapper\" aria-live=\"off\">\n\t\t\t\t\t\t\t\t<div class=\"swiper-slide\" role=\"group\" aria-roledescription=\"slide\" aria-label=\"1 de 38\"><figure class=\"swiper-slide-inner\"><img decoding=\"async\" class=\"swiper-slide-image\" src=\"https:\/\/aspublicitari.com\/wp-content\/uploads\/2023\/08\/reclam_0037_AMPOLLES-768x489.jpg\" alt=\"reclam_0037_AMPOLLES\" \/><\/figure><\/div><div class=\"swiper-slide\" role=\"group\" aria-roledescription=\"slide\" aria-label=\"2 de 38\"><figure class=\"swiper-slide-inner\"><img decoding=\"async\" class=\"swiper-slide-image\" src=\"https:\/\/aspublicitari.com\/wp-content\/uploads\/2023\/08\/reclam_0038_ALTAVEUS-768x489.jpg\" alt=\"reclam_0038_ALTAVEUS\" \/><\/figure><\/div><div class=\"swiper-slide\" role=\"group\" aria-roledescription=\"slide\" aria-label=\"3 de 38\"><figure class=\"swiper-slide-inner\"><img decoding=\"async\" class=\"swiper-slide-image\" src=\"https:\/\/aspublicitari.com\/wp-content\/uploads\/2023\/08\/reclam_0035_BARRETS-768x489.jpg\" alt=\"reclam_0035_BARRETS\" \/><\/figure><\/div><div class=\"swiper-slide\" role=\"group\" aria-roledescription=\"slide\" aria-label=\"4 de 38\"><figure class=\"swiper-slide-inner\"><img decoding=\"async\" class=\"swiper-slide-image\" src=\"https:\/\/aspublicitari.com\/wp-content\/uploads\/2023\/08\/reclam_0036_ARAMAR_CALENDARI-768x489.jpg\" alt=\"reclam_0036_ARAMAR_CALENDARI\" \/><\/figure><\/div><div class=\"swiper-slide\" role=\"group\" aria-roledescription=\"slide\" aria-label=\"5 de 38\"><figure class=\"swiper-slide-inner\"><img decoding=\"async\" class=\"swiper-slide-image\" src=\"https:\/\/aspublicitari.com\/wp-content\/uploads\/2023\/08\/reclam_0033_BOSSES_CORDES-768x489.jpg\" alt=\"reclam_0033_BOSSES_CORDES\" \/><\/figure><\/div><div class=\"swiper-slide\" role=\"group\" aria-roledescription=\"slide\" aria-label=\"6 de 38\"><figure class=\"swiper-slide-inner\"><img decoding=\"async\" class=\"swiper-slide-image\" src=\"https:\/\/aspublicitari.com\/wp-content\/uploads\/2023\/08\/reclam_0034_BLOCS-768x489.jpg\" alt=\"reclam_0034_BLOCS\" \/><\/figure><\/div><div class=\"swiper-slide\" role=\"group\" aria-roledescription=\"slide\" aria-label=\"7 de 38\"><figure class=\"swiper-slide-inner\"><img decoding=\"async\" class=\"swiper-slide-image\" src=\"https:\/\/aspublicitari.com\/wp-content\/uploads\/2023\/08\/reclam_0031_BUFANDA-768x489.jpg\" alt=\"reclam_0031_BUFANDA\" \/><\/figure><\/div><div class=\"swiper-slide\" role=\"group\" aria-roledescription=\"slide\" aria-label=\"8 de 38\"><figure class=\"swiper-slide-inner\"><img decoding=\"async\" class=\"swiper-slide-image\" src=\"https:\/\/aspublicitari.com\/wp-content\/uploads\/2023\/08\/reclam_0032_BOLIGRAFS_TOP-768x489.jpg\" alt=\"reclam_0032_BOL\u00cdGRAFS_TOP\" \/><\/figure><\/div><div class=\"swiper-slide\" role=\"group\" aria-roledescription=\"slide\" aria-label=\"9 de 38\"><figure class=\"swiper-slide-inner\"><img decoding=\"async\" class=\"swiper-slide-image\" src=\"https:\/\/aspublicitari.com\/wp-content\/uploads\/2023\/08\/reclam_0029_CALENDARI-CARTRO-768x489.jpg\" alt=\"reclam_0029_CALENDARI CARTR\u00d3\" \/><\/figure><\/div><div class=\"swiper-slide\" role=\"group\" aria-roledescription=\"slide\" aria-label=\"10 de 38\"><figure class=\"swiper-slide-inner\"><img decoding=\"async\" class=\"swiper-slide-image\" src=\"https:\/\/aspublicitari.com\/wp-content\/uploads\/2023\/08\/reclam_0030_BUFFS-768x489.jpg\" alt=\"reclam_0030_BUFFS\" \/><\/figure><\/div><div class=\"swiper-slide\" role=\"group\" aria-roledescription=\"slide\" aria-label=\"11 de 38\"><figure class=\"swiper-slide-inner\"><img decoding=\"async\" class=\"swiper-slide-image\" src=\"https:\/\/aspublicitari.com\/wp-content\/uploads\/2023\/08\/reclam_0026_CENDRER_PLATJA-768x489.jpg\" alt=\"reclam_0026_CENDRER_PLATJA\" \/><\/figure><\/div><div class=\"swiper-slide\" role=\"group\" aria-roledescription=\"slide\" aria-label=\"12 de 38\"><figure class=\"swiper-slide-inner\"><img decoding=\"async\" class=\"swiper-slide-image\" src=\"https:\/\/aspublicitari.com\/wp-content\/uploads\/2023\/08\/reclam_0027_CARRO-COMPRA-768x489.jpg\" alt=\"reclam_0027_CARRO COMPRA\" \/><\/figure><\/div><div class=\"swiper-slide\" role=\"group\" aria-roledescription=\"slide\" aria-label=\"13 de 38\"><figure class=\"swiper-slide-inner\"><img decoding=\"async\" class=\"swiper-slide-image\" src=\"https:\/\/aspublicitari.com\/wp-content\/uploads\/2023\/08\/reclam_0024_CUBILET-768x489.jpg\" alt=\"reclam_0024_CUBILET\" \/><\/figure><\/div><div class=\"swiper-slide\" role=\"group\" aria-roledescription=\"slide\" aria-label=\"14 de 38\"><figure class=\"swiper-slide-inner\"><img decoding=\"async\" class=\"swiper-slide-image\" src=\"https:\/\/aspublicitari.com\/wp-content\/uploads\/2023\/08\/reclam_0025_CLAUERS-768x489.jpg\" alt=\"reclam_0025_CLAUERS\" \/><\/figure><\/div><div class=\"swiper-slide\" role=\"group\" aria-roledescription=\"slide\" aria-label=\"15 de 38\"><figure class=\"swiper-slide-inner\"><img decoding=\"async\" class=\"swiper-slide-image\" src=\"https:\/\/aspublicitari.com\/wp-content\/uploads\/2023\/08\/reclam_0021_GORRES_RECLAM-768x489.jpg\" alt=\"reclam_0021_GORRES_RECLAM\" \/><\/figure><\/div><div class=\"swiper-slide\" role=\"group\" aria-roledescription=\"slide\" aria-label=\"16 de 38\"><figure class=\"swiper-slide-inner\"><img decoding=\"async\" class=\"swiper-slide-image\" src=\"https:\/\/aspublicitari.com\/wp-content\/uploads\/2023\/08\/reclam_0022_ENCENEDORS-768x489.jpg\" alt=\"reclam_0022_ENCENEDORS\" \/><\/figure><\/div><div class=\"swiper-slide\" role=\"group\" aria-roledescription=\"slide\" aria-label=\"17 de 38\"><figure class=\"swiper-slide-inner\"><img decoding=\"async\" class=\"swiper-slide-image\" src=\"https:\/\/aspublicitari.com\/wp-content\/uploads\/2023\/08\/reclam_0023_DESPERTADOR-768x489.jpg\" alt=\"reclam_0023_DESPERTADOR\" \/><\/figure><\/div><div class=\"swiper-slide\" role=\"group\" aria-roledescription=\"slide\" aria-label=\"18 de 38\"><figure class=\"swiper-slide-inner\"><img decoding=\"async\" class=\"swiper-slide-image\" src=\"https:\/\/aspublicitari.com\/wp-content\/uploads\/2023\/08\/reclam_0019_GOTS-768x489.jpg\" alt=\"reclam_0019_GOTS\" \/><\/figure><\/div><div class=\"swiper-slide\" role=\"group\" aria-roledescription=\"slide\" aria-label=\"19 de 38\"><figure class=\"swiper-slide-inner\"><img decoding=\"async\" class=\"swiper-slide-image\" src=\"https:\/\/aspublicitari.com\/wp-content\/uploads\/2023\/08\/reclam_0020_GORRO-768x489.jpg\" alt=\"reclam_0020_GORRO\" \/><\/figure><\/div><div class=\"swiper-slide\" role=\"group\" aria-roledescription=\"slide\" aria-label=\"20 de 38\"><figure class=\"swiper-slide-inner\"><img decoding=\"async\" class=\"swiper-slide-image\" src=\"https:\/\/aspublicitari.com\/wp-content\/uploads\/2023\/08\/reclam_0017_IMPERMEABLE-768x489.jpg\" alt=\"reclam_0017_IMPERMEABLE\" \/><\/figure><\/div><div class=\"swiper-slide\" role=\"group\" aria-roledescription=\"slide\" aria-label=\"21 de 38\"><figure class=\"swiper-slide-inner\"><img decoding=\"async\" class=\"swiper-slide-image\" src=\"https:\/\/aspublicitari.com\/wp-content\/uploads\/2023\/08\/reclam_0018_GUANTS-768x489.jpg\" alt=\"reclam_0018_GUANTS\" \/><\/figure><\/div><div class=\"swiper-slide\" role=\"group\" aria-roledescription=\"slide\" aria-label=\"22 de 38\"><figure class=\"swiper-slide-inner\"><img decoding=\"async\" class=\"swiper-slide-image\" src=\"https:\/\/aspublicitari.com\/wp-content\/uploads\/2023\/08\/reclam_0014_MOTXILLA-768x489.jpg\" alt=\"reclam_0014_MOTXILLA\" \/><\/figure><\/div><div class=\"swiper-slide\" role=\"group\" aria-roledescription=\"slide\" aria-label=\"23 de 38\"><figure class=\"swiper-slide-inner\"><img decoding=\"async\" class=\"swiper-slide-image\" src=\"https:\/\/aspublicitari.com\/wp-content\/uploads\/2023\/08\/reclam_0015_MANTES-768x489.jpg\" alt=\"reclam_0015_MANTES\" \/><\/figure><\/div><div class=\"swiper-slide\" role=\"group\" aria-roledescription=\"slide\" aria-label=\"24 de 38\"><figure class=\"swiper-slide-inner\"><img decoding=\"async\" class=\"swiper-slide-image\" src=\"https:\/\/aspublicitari.com\/wp-content\/uploads\/2023\/08\/reclam_0016_LLANTERNA-768x489.jpg\" alt=\"reclam_0016_LLANTERNA\" \/><\/figure><\/div><div class=\"swiper-slide\" role=\"group\" aria-roledescription=\"slide\" aria-label=\"25 de 38\"><figure class=\"swiper-slide-inner\"><img decoding=\"async\" class=\"swiper-slide-image\" src=\"https:\/\/aspublicitari.com\/wp-content\/uploads\/2023\/08\/reclam_0011_PARAIGUA-768x489.jpg\" alt=\"reclam_0011_PARAIGUA\" \/><\/figure><\/div><div class=\"swiper-slide\" role=\"group\" aria-roledescription=\"slide\" aria-label=\"26 de 38\"><figure class=\"swiper-slide-inner\"><img decoding=\"async\" class=\"swiper-slide-image\" src=\"https:\/\/aspublicitari.com\/wp-content\/uploads\/2023\/08\/reclam_0012_PALES-768x489.jpg\" alt=\"reclam_0012_PALES\" \/><\/figure><\/div><div class=\"swiper-slide\" role=\"group\" aria-roledescription=\"slide\" aria-label=\"27 de 38\"><figure class=\"swiper-slide-inner\"><img decoding=\"async\" class=\"swiper-slide-image\" src=\"https:\/\/aspublicitari.com\/wp-content\/uploads\/2023\/08\/reclam_0013_NAVALLA_MULTIUS-768x489.jpg\" alt=\"reclam_0013_NAVALLA_MULTIUS\" \/><\/figure><\/div><div class=\"swiper-slide\" role=\"group\" aria-roledescription=\"slide\" aria-label=\"28 de 38\"><figure class=\"swiper-slide-inner\"><img decoding=\"async\" class=\"swiper-slide-image\" src=\"https:\/\/aspublicitari.com\/wp-content\/uploads\/2023\/08\/reclam_0010_PARASOL_COTXE-768x489.jpg\" alt=\"reclam_0010_PARASOL_COTXE\" \/><\/figure><\/div><div class=\"swiper-slide\" role=\"group\" aria-roledescription=\"slide\" aria-label=\"29 de 38\"><figure class=\"swiper-slide-inner\"><img decoding=\"async\" class=\"swiper-slide-image\" src=\"https:\/\/aspublicitari.com\/wp-content\/uploads\/2023\/08\/reclam_0006_POLSERES1-768x489.jpg\" alt=\"reclam_0006_POLSERES1\" \/><\/figure><\/div><div class=\"swiper-slide\" role=\"group\" aria-roledescription=\"slide\" aria-label=\"30 de 38\"><figure class=\"swiper-slide-inner\"><img decoding=\"async\" class=\"swiper-slide-image\" src=\"https:\/\/aspublicitari.com\/wp-content\/uploads\/2023\/08\/reclam_0008_PENDRIVES1-768x489.jpg\" alt=\"reclam_0008_PENDRIVES1\" \/><\/figure><\/div><div class=\"swiper-slide\" role=\"group\" aria-roledescription=\"slide\" aria-label=\"31 de 38\"><figure class=\"swiper-slide-inner\"><img decoding=\"async\" class=\"swiper-slide-image\" src=\"https:\/\/aspublicitari.com\/wp-content\/uploads\/2023\/08\/reclam_0004_TERMO-768x489.jpg\" alt=\"reclam_0004_TERMO\" \/><\/figure><\/div><div class=\"swiper-slide\" role=\"group\" aria-roledescription=\"slide\" aria-label=\"32 de 38\"><figure class=\"swiper-slide-inner\"><img decoding=\"async\" class=\"swiper-slide-image\" src=\"https:\/\/aspublicitari.com\/wp-content\/uploads\/2023\/08\/reclam_0005_TASSES-768x489.jpg\" alt=\"reclam_0005_TASSES\" \/><\/figure><\/div><div class=\"swiper-slide\" role=\"group\" aria-roledescription=\"slide\" aria-label=\"33 de 38\"><figure class=\"swiper-slide-inner\"><img decoding=\"async\" class=\"swiper-slide-image\" src=\"https:\/\/aspublicitari.com\/wp-content\/uploads\/2023\/08\/reclam_0001_VENTALLS-768x489.jpg\" alt=\"reclam_0001_VENTALLS\" \/><\/figure><\/div><div class=\"swiper-slide\" role=\"group\" aria-roledescription=\"slide\" aria-label=\"34 de 38\"><figure class=\"swiper-slide-inner\"><img decoding=\"async\" class=\"swiper-slide-image\" src=\"https:\/\/aspublicitari.com\/wp-content\/uploads\/2023\/08\/reclam_0002_ULLERES_SOL-768x489.jpg\" alt=\"reclam_0002_ULLERES_SOL\" \/><\/figure><\/div><div class=\"swiper-slide\" role=\"group\" aria-roledescription=\"slide\" aria-label=\"35 de 38\"><figure class=\"swiper-slide-inner\"><img decoding=\"async\" class=\"swiper-slide-image\" src=\"https:\/\/aspublicitari.com\/wp-content\/uploads\/2023\/08\/reclam_0003_TOVALLOLA_RECLAM-768x489.jpg\" alt=\"reclam_0003_TOVALLOLA_RECLAM\" \/><\/figure><\/div><div class=\"swiper-slide\" role=\"group\" aria-roledescription=\"slide\" aria-label=\"36 de 38\"><figure class=\"swiper-slide-inner\"><img decoding=\"async\" class=\"swiper-slide-image\" src=\"https:\/\/aspublicitari.com\/wp-content\/uploads\/2023\/08\/reclam_0028_calendaris-paret-768x489.jpg\" alt=\"reclam_0028_calendaris paret\" \/><\/figure><\/div><div class=\"swiper-slide\" role=\"group\" aria-roledescription=\"slide\" aria-label=\"37 de 38\"><figure class=\"swiper-slide-inner\"><img decoding=\"async\" class=\"swiper-slide-image\" src=\"https:\/\/aspublicitari.com\/wp-content\/uploads\/2023\/08\/reclam_0039_AGENDES_ESCOLARS-768x489.jpg\" alt=\"reclam_0039_AGENDES_ESCOLARS\" \/><\/figure><\/div><div class=\"swiper-slide\" role=\"group\" aria-roledescription=\"slide\" aria-label=\"38 de 38\"><figure class=\"swiper-slide-inner\"><img decoding=\"async\" class=\"swiper-slide-image\" src=\"https:\/\/aspublicitari.com\/wp-content\/uploads\/2023\/08\/reclam_0000_AGENDA-768x489.jpg\" alt=\"reclam_0000_AGENDA\" \/><\/figure><\/div>\t\t\t<\/div>\n\t\t\t\t\t\t\t\t\t\t\t\t<div class=\"elementor-swiper-button elementor-swiper-button-prev\" role=\"button\" tabindex=\"0\">\n\t\t\t\t\t\t<i aria-hidden=\"true\" class=\"eicon-chevron-left\"><\/i>\t\t\t\t\t<\/div>\n\t\t\t\t\t<div class=\"elementor-swiper-button elementor-swiper-button-next\" role=\"button\" tabindex=\"0\">\n\t\t\t\t\t\t<i aria-hidden=\"true\" class=\"eicon-chevron-right\"><\/i>\t\t\t\t\t<\/div>\n\t\t\t\t\n\t\t\t\t\t\t\t\t\t<\/div>\n\t\t\t\t\t\t<\/div>\n\t\t\t\t<\/div>\n\t\t\t\t<\/div>\n\t\t\t\t<\/div>\n\t\t","protected":false},"excerpt":{"rendered":"<p>Reclamo publicitario \u00bfTe interesa? \u00a1Contacta con nosotros! Contacto Destacamos tu marca con productos \u00fanicos. Ofrecemos personalizaci\u00f3n de reclamo publicitario como bol\u00edgrafos, botellas, tazas y m\u00e1s. Capta la atenci\u00f3n de tu p\u00fablico con art\u00edculos que traen tu logo. Deja que tu marca brille en cada detalle, creando conexiones significativas y duraderas con tus clientes. Consulta productos [&hellip;]<\/p>\n","protected":false},"author":2,"featured_media":0,"parent":0,"menu_order":0,"comment_status":"closed","ping_status":"closed","template":"","meta":{"_acf_changed":false,"footnotes":""},"class_list":["post-2699","page","type-page","status-publish","hentry"],"acf":[],"_links":{"self":[{"href":"https:\/\/aspublicitari.com\/es\/wp-json\/wp\/v2\/pages\/2699"}],"collection":[{"href":"https:\/\/aspublicitari.com\/es\/wp-json\/wp\/v2\/pages"}],"about":[{"href":"https:\/\/aspublicitari.com\/es\/wp-json\/wp\/v2\/types\/page"}],"author":[{"embeddable":true,"href":"https:\/\/aspublicitari.com\/es\/wp-json\/wp\/v2\/users\/2"}],"replies":[{"embeddable":true,"href":"https:\/\/aspublicitari.com\/es\/wp-json\/wp\/v2\/comments?post=2699"}],"version-history":[{"count":1,"href":"https:\/\/aspublicitari.com\/es\/wp-json\/wp\/v2\/pages\/2699\/revisions"}],"predecessor-version":[{"id":2709,"href":"https:\/\/aspublicitari.com\/es\/wp-json\/wp\/v2\/pages\/2699\/revisions\/2709"}],"wp:attachment":[{"href":"https:\/\/aspublicitari.com\/es\/wp-json\/wp\/v2\/media?parent=2699"}],"curies":[{"name":"wp","href":"https:\/\/api.w.org\/{rel}","templated":true}]}}