{"id":2627,"date":"2023-08-07T07:45:31","date_gmt":"2023-08-07T07:45:31","guid":{"rendered":"https:\/\/aspublicitari.com\/impression-digital\/"},"modified":"2023-09-27T07:29:46","modified_gmt":"2023-09-27T07:29:46","slug":"impression-digital","status":"publish","type":"page","link":"https:\/\/aspublicitari.com\/es\/impression-digital\/","title":{"rendered":"Impressi\u00f3n digital"},"content":{"rendered":"\t\t<div data-elementor-type=\"wp-page\" data-elementor-id=\"2627\" class=\"elementor elementor-2627 elementor-1480\" data-elementor-post-type=\"page\">\n\t\t\t\t<div class=\"elementor-element elementor-element-63add94 e-flex e-con-boxed e-con e-parent\" data-id=\"63add94\" data-element_type=\"container\" data-e-type=\"container\" data-settings=\"{&quot;shape_divider_bottom&quot;:&quot;waves&quot;}\">\n\t\t\t\t\t<div class=\"e-con-inner\">\n\t\t\t\t<div class=\"elementor-shape elementor-shape-bottom\" aria-hidden=\"true\" data-negative=\"false\">\n\t\t\t<svg xmlns=\"http:\/\/www.w3.org\/2000\/svg\" viewBox=\"0 0 1000 100\" preserveAspectRatio=\"none\">\n\t<path class=\"elementor-shape-fill\" d=\"M421.9,6.5c22.6-2.5,51.5,0.4,75.5,5.3c23.6,4.9,70.9,23.5,100.5,35.7c75.8,32.2,133.7,44.5,192.6,49.7\n\tc23.6,2.1,48.7,3.5,103.4-2.5c54.7-6,106.2-25.6,106.2-25.6V0H0v30.3c0,0,72,32.6,158.4,30.5c39.2-0.7,92.8-6.7,134-22.4\n\tc21.2-8.1,52.2-18.2,79.7-24.2C399.3,7.9,411.6,7.5,421.9,6.5z\"\/>\n<\/svg>\t\t<\/div>\n\t\t\t\t\t<\/div>\n\t\t\t\t<\/div>\n\t\t\t\t<div class=\"unlimited-elements-background-overlay\" data-forid=\"63add94\" data-location=\"back\" style=\"display:none\">\n\t\t\t<template>\n\t\t\t\n<!-- start Animated Gradient Background -->\n<style>\/* widget: Animated Gradient Background *\/\n\n#uc_gradient_animation_bg_addon18694 {\n\tbackground: linear-gradient(-45deg, #E5077EC7, #009EDFBD, #FEED00C4, #23D5ABD6);\n\tbackground-size: 400% 400%;\n\tanimation: uc_gradient_animation_bg_addon18694gradient 15s ease infinite;\n\tposition:absolute;\n\ttop:0px;\n\tleft:0px;\n\tbottom:0px;\n\tright:0px;\n}\n\n@keyframes uc_gradient_animation_bg_addon18694gradient {\n\t0% {\n\t\tbackground-position: 0% 50%;\n\t}\n\t50% {\n\t\tbackground-position: 100% 50%;\n\t}\n\t100% {\n\t\tbackground-position: 0% 50%;\n\t}\n}\n\n<\/style>\n\n<div id=\"uc_gradient_animation_bg_addon18694\">\n<\/div>\n<script type=\"text\/javascript\"  id=\"ue_script_gradient_animation\">\n\n\/* Animated Gradient Background scripts: *\/ \n\n\n<\/script>\n<!-- end Animated Gradient Background -->\t\t\t<\/template>\n\t\t<\/div>\n\t\t\n\t\t<div class=\"elementor-element elementor-element-560cb90 e-con-full e-flex e-con e-parent\" data-id=\"560cb90\" data-element_type=\"container\" data-e-type=\"container\">\n\t\t<div class=\"elementor-element elementor-element-06256f3 e-con-full e-flex e-con e-parent\" data-id=\"06256f3\" data-element_type=\"container\" data-e-type=\"container\">\n\t\t\t\t<div class=\"elementor-element elementor-element-0d5c541 elementor-widget elementor-widget-heading\" data-id=\"0d5c541\" data-element_type=\"widget\" data-e-type=\"widget\" data-widget_type=\"heading.default\">\n\t\t\t\t<div class=\"elementor-widget-container\">\n\t\t\t\t\t<h2 class=\"elementor-heading-title elementor-size-default\">Impressi\u00f3n digitial<\/h2>\t\t\t\t<\/div>\n\t\t\t\t<\/div>\n\t\t\t\t<\/div>\n\t\t<div class=\"elementor-element elementor-element-466122e e-con-full e-flex e-con e-parent\" data-id=\"466122e\" data-element_type=\"container\" data-e-type=\"container\">\n\t\t\t\t<div class=\"elementor-element elementor-element-e696746 elementor-widget elementor-widget-text-editor\" data-id=\"e696746\" data-element_type=\"widget\" data-e-type=\"widget\" data-widget_type=\"text-editor.default\">\n\t\t\t\t<div class=\"elementor-widget-container\">\n\t\t\t\t\t\t\t\t\t<p>Disponemos de <strong><span style=\"color: #000000;\">la m\u00e1s avanzada tecnolog\u00eda<\/span><\/strong> en nuestro departamento de impresi\u00f3n digital, dise\u00f1ada para satisfacer todas las demandas y est\u00e1ndares de calidad del competitivo mundo publicitario actual.<\/p>\n<p>Proporcionamos a empresas y <span style=\"color: #000000;\"><strong>expertos del sector un servicio de impresi\u00f3n digital<\/strong><\/span> de alta escala. Nos especializamos en diversos materiales, como lona, PVC, cart\u00f3n pluma, papel y aluminio, para garantizar una oferta completa y adaptable a las necesidades espec\u00edficas.<\/p>\n\t\t\t\t\t\t\t\t<\/div>\n\t\t\t\t<\/div>\n\t\t\t\t<\/div>\n\t\t\t\t<\/div>\n\t\t<div class=\"elementor-element elementor-element-fb4de36 e-flex e-con-boxed e-con e-parent\" data-id=\"fb4de36\" data-element_type=\"container\" data-e-type=\"container\">\n\t\t\t\t\t<div class=\"e-con-inner\">\n\t\t<div class=\"elementor-element elementor-element-111c1bf e-con-full e-flex e-con e-parent\" data-id=\"111c1bf\" data-element_type=\"container\" data-e-type=\"container\" data-settings=\"{&quot;background_background&quot;:&quot;classic&quot;}\">\n\t\t\t\t<div class=\"elementor-element elementor-element-ceba600 e-n-tabs-mobile elementor-widget elementor-widget-n-tabs\" data-id=\"ceba600\" data-element_type=\"widget\" data-e-type=\"widget\" data-widget_type=\"nested-tabs.default\">\n\t\t\t\t<div class=\"elementor-widget-container\">\n\t\t\t\t\t\t\t<div class=\"e-n-tabs\" data-widget-number=\"216770048\" aria-label=\"Pesta\u00f1as. Abre elementos con Intro o Espacio, ci\u00e9rralos con Escape y navega con las fechas.\">\n\t\t\t<div class=\"e-n-tabs-heading\" role=\"tablist\">\n\t\t\t\t\t<button id=\"e-n-tab-title-2167700481\" data-tab-title-id=\"e-n-tab-title-2167700481\" class=\"e-n-tab-title\" aria-selected=\"true\" data-tab-index=\"1\" role=\"tab\" tabindex=\"0\" aria-controls=\"e-n-tab-content-2167700481\" style=\"--n-tabs-title-order: 1;\">\n\t\t\t\t\t\t<span class=\"e-n-tab-title-text\">\n\t\t\t\tTarjetas de visita\t\t\t<\/span>\n\t\t<\/button>\n\t\t\t\t<button id=\"e-n-tab-title-2167700482\" data-tab-title-id=\"e-n-tab-title-2167700482\" class=\"e-n-tab-title\" aria-selected=\"false\" data-tab-index=\"2\" role=\"tab\" tabindex=\"-1\" aria-controls=\"e-n-tab-content-2167700482\" style=\"--n-tabs-title-order: 2;\">\n\t\t\t\t\t\t<span class=\"e-n-tab-title-text\">\n\t\t\t\tSobres personalizados\t\t\t<\/span>\n\t\t<\/button>\n\t\t\t\t<button id=\"e-n-tab-title-2167700483\" data-tab-title-id=\"e-n-tab-title-2167700483\" class=\"e-n-tab-title\" aria-selected=\"false\" data-tab-index=\"3\" role=\"tab\" tabindex=\"-1\" aria-controls=\"e-n-tab-content-2167700483\" style=\"--n-tabs-title-order: 3;\">\n\t\t\t\t\t\t<span class=\"e-n-tab-title-text\">\n\t\t\t\tSellos\t\t\t<\/span>\n\t\t<\/button>\n\t\t\t\t<button id=\"e-n-tab-title-2167700484\" data-tab-title-id=\"e-n-tab-title-2167700484\" class=\"e-n-tab-title\" aria-selected=\"false\" data-tab-index=\"4\" role=\"tab\" tabindex=\"-1\" aria-controls=\"e-n-tab-content-2167700484\" style=\"--n-tabs-title-order: 4;\">\n\t\t\t\t\t\t<span class=\"e-n-tab-title-text\">\n\t\t\t\tCarpetas\t\t\t<\/span>\n\t\t<\/button>\n\t\t\t\t<button id=\"e-n-tab-title-2167700485\" data-tab-title-id=\"e-n-tab-title-2167700485\" class=\"e-n-tab-title\" aria-selected=\"false\" data-tab-index=\"5\" role=\"tab\" tabindex=\"-1\" aria-controls=\"e-n-tab-content-2167700485\" style=\"--n-tabs-title-order: 5;\">\n\t\t\t\t\t\t<span class=\"e-n-tab-title-text\">\n\t\t\t\tRevistas\t\t\t<\/span>\n\t\t<\/button>\n\t\t\t\t<button id=\"e-n-tab-title-2167700486\" data-tab-title-id=\"e-n-tab-title-2167700486\" class=\"e-n-tab-title\" aria-selected=\"false\" data-tab-index=\"6\" role=\"tab\" tabindex=\"-1\" aria-controls=\"e-n-tab-content-2167700486\" style=\"--n-tabs-title-order: 6;\">\n\t\t\t\t\t\t<span class=\"e-n-tab-title-text\">\n\t\t\t\tTr\u00edpticos y d\u00edpticos\t\t\t<\/span>\n\t\t<\/button>\n\t\t\t\t<button id=\"e-n-tab-title-2167700487\" data-tab-title-id=\"e-n-tab-title-2167700487\" class=\"e-n-tab-title\" aria-selected=\"false\" data-tab-index=\"7\" role=\"tab\" tabindex=\"-1\" aria-controls=\"e-n-tab-content-2167700487\" style=\"--n-tabs-title-order: 7;\">\n\t\t\t\t\t\t<span class=\"e-n-tab-title-text\">\n\t\t\t\tFlyers\t\t\t<\/span>\n\t\t<\/button>\n\t\t\t\t<button id=\"e-n-tab-title-2167700488\" data-tab-title-id=\"e-n-tab-title-2167700488\" class=\"e-n-tab-title\" aria-selected=\"false\" data-tab-index=\"8\" role=\"tab\" tabindex=\"-1\" aria-controls=\"e-n-tab-content-2167700488\" style=\"--n-tabs-title-order: 8;\">\n\t\t\t\t\t\t<span class=\"e-n-tab-title-text\">\n\t\t\t\tCat\u00e1logos\t\t\t<\/span>\n\t\t<\/button>\n\t\t\t\t<button id=\"e-n-tab-title-2167700489\" data-tab-title-id=\"e-n-tab-title-2167700489\" class=\"e-n-tab-title\" aria-selected=\"false\" data-tab-index=\"9\" role=\"tab\" tabindex=\"-1\" aria-controls=\"e-n-tab-content-2167700489\" style=\"--n-tabs-title-order: 9;\">\n\t\t\t\t\t\t<span class=\"e-n-tab-title-text\">\n\t\t\t\tTalonarios\t\t\t<\/span>\n\t\t<\/button>\n\t\t\t\t<button id=\"e-n-tab-title-21677004810\" data-tab-title-id=\"e-n-tab-title-21677004810\" class=\"e-n-tab-title\" aria-selected=\"false\" data-tab-index=\"10\" role=\"tab\" tabindex=\"-1\" aria-controls=\"e-n-tab-content-21677004810\" style=\"--n-tabs-title-order: 10;\">\n\t\t\t\t\t\t<span class=\"e-n-tab-title-text\">\n\t\t\t\tEncuadernaciones\t\t\t<\/span>\n\t\t<\/button>\n\t\t\t\t<button id=\"e-n-tab-title-21677004811\" data-tab-title-id=\"e-n-tab-title-21677004811\" class=\"e-n-tab-title\" aria-selected=\"false\" data-tab-index=\"11\" role=\"tab\" tabindex=\"-1\" aria-controls=\"e-n-tab-content-21677004811\" style=\"--n-tabs-title-order: 11;\">\n\t\t\t\t\t\t<span class=\"e-n-tab-title-text\">\n\t\t\t\tCartas de men\u00fa\t\t\t<\/span>\n\t\t<\/button>\n\t\t\t\t\t<\/div>\n\t\t\t<div class=\"e-n-tabs-content\">\n\t\t\t\t<div id=\"e-n-tab-content-2167700481\" role=\"tabpanel\" aria-labelledby=\"e-n-tab-title-2167700481\" data-tab-index=\"1\" style=\"--n-tabs-title-order: 1;\" class=\"e-active elementor-element elementor-element-c1671ff e-con-full e-flex e-con e-parent\" data-id=\"c1671ff\" data-element_type=\"container\" data-e-type=\"container\" data-settings=\"{&quot;background_background&quot;:&quot;classic&quot;}\">\n\t\t\t\t<\/div>\n\t\t<div id=\"e-n-tab-content-2167700482\" role=\"tabpanel\" aria-labelledby=\"e-n-tab-title-2167700482\" data-tab-index=\"2\" style=\"--n-tabs-title-order: 2;\" class=\" elementor-element elementor-element-e91f770 e-con-full e-flex e-con e-parent\" data-id=\"e91f770\" data-element_type=\"container\" data-e-type=\"container\" data-settings=\"{&quot;background_background&quot;:&quot;classic&quot;}\">\n\t\t\t\t<\/div>\n\t\t<div id=\"e-n-tab-content-2167700483\" role=\"tabpanel\" aria-labelledby=\"e-n-tab-title-2167700483\" data-tab-index=\"3\" style=\"--n-tabs-title-order: 3;\" class=\" elementor-element elementor-element-28204d2 e-con-full e-flex e-con e-parent\" data-id=\"28204d2\" data-element_type=\"container\" data-e-type=\"container\" data-settings=\"{&quot;background_background&quot;:&quot;classic&quot;}\">\n\t\t\t\t<\/div>\n\t\t<div id=\"e-n-tab-content-2167700484\" role=\"tabpanel\" aria-labelledby=\"e-n-tab-title-2167700484\" data-tab-index=\"4\" style=\"--n-tabs-title-order: 4;\" class=\" elementor-element elementor-element-1f88678 e-con-full e-flex e-con e-parent\" data-id=\"1f88678\" data-element_type=\"container\" data-e-type=\"container\" data-settings=\"{&quot;background_background&quot;:&quot;classic&quot;}\">\n\t\t\t\t<\/div>\n\t\t<div id=\"e-n-tab-content-2167700485\" role=\"tabpanel\" aria-labelledby=\"e-n-tab-title-2167700485\" data-tab-index=\"5\" style=\"--n-tabs-title-order: 5;\" class=\" elementor-element elementor-element-cb87905 e-con-full e-flex e-con e-parent\" data-id=\"cb87905\" data-element_type=\"container\" data-e-type=\"container\" data-settings=\"{&quot;background_background&quot;:&quot;classic&quot;}\">\n\t\t\t\t<\/div>\n\t\t<div id=\"e-n-tab-content-2167700486\" role=\"tabpanel\" aria-labelledby=\"e-n-tab-title-2167700486\" data-tab-index=\"6\" style=\"--n-tabs-title-order: 6;\" class=\" elementor-element elementor-element-6bbc858 e-con-full e-flex e-con e-parent\" data-id=\"6bbc858\" data-element_type=\"container\" data-e-type=\"container\" data-settings=\"{&quot;background_background&quot;:&quot;classic&quot;}\">\n\t\t\t\t<\/div>\n\t\t<div id=\"e-n-tab-content-2167700487\" role=\"tabpanel\" aria-labelledby=\"e-n-tab-title-2167700487\" data-tab-index=\"7\" style=\"--n-tabs-title-order: 7;\" class=\" elementor-element elementor-element-520a759 e-con-full e-flex e-con e-parent\" data-id=\"520a759\" data-element_type=\"container\" data-e-type=\"container\" data-settings=\"{&quot;background_background&quot;:&quot;classic&quot;}\">\n\t\t\t\t<\/div>\n\t\t<div id=\"e-n-tab-content-2167700488\" role=\"tabpanel\" aria-labelledby=\"e-n-tab-title-2167700488\" data-tab-index=\"8\" style=\"--n-tabs-title-order: 8;\" class=\" elementor-element elementor-element-ee6fc92 e-con-full e-flex e-con e-parent\" data-id=\"ee6fc92\" data-element_type=\"container\" data-e-type=\"container\" data-settings=\"{&quot;background_background&quot;:&quot;classic&quot;}\">\n\t\t\t\t<\/div>\n\t\t<div id=\"e-n-tab-content-2167700489\" role=\"tabpanel\" aria-labelledby=\"e-n-tab-title-2167700489\" data-tab-index=\"9\" style=\"--n-tabs-title-order: 9;\" class=\" elementor-element elementor-element-7be6e67 e-con-full e-flex e-con e-parent\" data-id=\"7be6e67\" data-element_type=\"container\" data-e-type=\"container\" data-settings=\"{&quot;background_background&quot;:&quot;classic&quot;}\">\n\t\t\t\t<\/div>\n\t\t<div id=\"e-n-tab-content-21677004810\" role=\"tabpanel\" aria-labelledby=\"e-n-tab-title-21677004810\" data-tab-index=\"10\" style=\"--n-tabs-title-order: 10;\" class=\" elementor-element elementor-element-28a80d7 e-con-full e-flex e-con e-parent\" data-id=\"28a80d7\" data-element_type=\"container\" data-e-type=\"container\" data-settings=\"{&quot;background_background&quot;:&quot;classic&quot;}\">\n\t\t\t\t<\/div>\n\t\t<div id=\"e-n-tab-content-21677004811\" role=\"tabpanel\" aria-labelledby=\"e-n-tab-title-21677004811\" data-tab-index=\"11\" style=\"--n-tabs-title-order: 11;\" class=\" elementor-element elementor-element-b21449c e-con-full e-flex e-con e-parent\" data-id=\"b21449c\" data-element_type=\"container\" data-e-type=\"container\" data-settings=\"{&quot;background_background&quot;:&quot;classic&quot;}\">\n\t\t\t\t<\/div>\n\t\t\t\t\t<\/div>\n\t\t<\/div>\n\t\t\t\t\t\t<\/div>\n\t\t\t\t<\/div>\n\t\t\t\t<\/div>\n\t\t\t\t\t<\/div>\n\t\t\t\t<\/div>\n\t\t\t\t<\/div>\n\t\t","protected":false},"excerpt":{"rendered":"<p>Impressi\u00f3n digitial Disponemos de la m\u00e1s avanzada tecnolog\u00eda en nuestro departamento de impresi\u00f3n digital, dise\u00f1ada para satisfacer todas las demandas y est\u00e1ndares de calidad del competitivo mundo publicitario actual. Proporcionamos a empresas y expertos del sector un servicio de impresi\u00f3n digital de alta escala. Nos especializamos en diversos materiales, como lona, PVC, cart\u00f3n pluma, papel [&hellip;]<\/p>\n","protected":false},"author":2,"featured_media":0,"parent":0,"menu_order":0,"comment_status":"closed","ping_status":"closed","template":"","meta":{"_acf_changed":false,"footnotes":""},"class_list":["post-2627","page","type-page","status-publish","hentry"],"acf":[],"_links":{"self":[{"href":"https:\/\/aspublicitari.com\/es\/wp-json\/wp\/v2\/pages\/2627"}],"collection":[{"href":"https:\/\/aspublicitari.com\/es\/wp-json\/wp\/v2\/pages"}],"about":[{"href":"https:\/\/aspublicitari.com\/es\/wp-json\/wp\/v2\/types\/page"}],"author":[{"embeddable":true,"href":"https:\/\/aspublicitari.com\/es\/wp-json\/wp\/v2\/users\/2"}],"replies":[{"embeddable":true,"href":"https:\/\/aspublicitari.com\/es\/wp-json\/wp\/v2\/comments?post=2627"}],"version-history":[{"count":2,"href":"https:\/\/aspublicitari.com\/es\/wp-json\/wp\/v2\/pages\/2627\/revisions"}],"predecessor-version":[{"id":2727,"href":"https:\/\/aspublicitari.com\/es\/wp-json\/wp\/v2\/pages\/2627\/revisions\/2727"}],"wp:attachment":[{"href":"https:\/\/aspublicitari.com\/es\/wp-json\/wp\/v2\/media?parent=2627"}],"curies":[{"name":"wp","href":"https:\/\/api.w.org\/{rel}","templated":true}]}}